{"id":18,"date":"2018-02-03T01:23:01","date_gmt":"2018-02-03T01:23:01","guid":{"rendered":"https:\/\/tsvwesslingen.de\/wp\/?page_id=18"},"modified":"2026-03-05T20:35:27","modified_gmt":"2026-03-05T20:35:27","slug":"freizeitsport","status":"publish","type":"page","link":"https:\/\/tsvwesslingen.de\/?page_id=18","title":{"rendered":"Freizeitsport"},"content":{"rendered":"<p style=\"font-weight: 400;\">Fit und gesund<\/p>\n<p>Die Freude an\u00a0sportlicher Bet\u00e4tigung sowie das Bem\u00fchen um die Fitness stehen im Mittelpunkt, wenn sich die Mitglieder der Abteilung f\u00fcr Freizeitsport treffen.<\/p>\n<p>Donnerstags erfreut sich das Angebot der Sportgruppe\u00a0<strong> &#8222;Fit und aktiv durch das Jahr&#8220;<\/strong> ab 19 Uhr in der Turnhalle der Seewiesenschule im Hohenkreuzweg weiterhin gro\u00dfer Beliebtheit.<\/p>\n<p>Au\u00dferdem gibt es ein <strong>Training nur f\u00fcr M\u00e4nner ab 50<\/strong>\u00a0(Fitness und Gymnastik, donnerstags ab 20 Uhr in der Turnhalle der Seewiesenschule im Hohenkreuzweg).<\/p>\n<p>Gesch\u00e4tzt werden die Angebote aber auch, weil sie die regelm\u00e4\u00dfige Gelegenheit bieten, Gemeinsamkeiten zu pflegen. Die Abteilung ist offen f\u00fcr neue Mitglieder und Anregungen f\u00fcr neue Aktivit\u00e4ten. Ansprechpartner ist Abteilungsleiter Gerhard Braun, Tel: 0711 356987, E-Mail gerhardbraun@gmx.de.<\/p>\n","protected":false},"excerpt":{"rendered":"<p>Fit und gesund Die Freude an\u00a0sportlicher Bet\u00e4tigung sowie das Bem\u00fchen um die Fitness stehen im Mittelpunkt, wenn sich die Mitglieder der Abteilung f\u00fcr Freizeitsport treffen. Donnerstags erfreut sich das Angebot der Sportgruppe\u00a0 &#8222;Fit und aktiv durch das Jahr&#8220; ab 19 Uhr in der Turnhalle der Seewiesenschule im Hohenkreuzweg weiterhin gro\u00dfer Beliebtheit. Au\u00dferdem gibt es ein [&hellip;]<\/p>\n","protected":false},"author":1,"featured_media":0,"parent":0,"menu_order":0,"comment_status":"closed","ping_status":"closed","template":"","meta":{"footnotes":""},"class_list":["post-18","page","type-page","status-publish","czr-hentry"],"_links":{"self":[{"href":"https:\/\/tsvwesslingen.de\/index.php?rest_route=\/wp\/v2\/pages\/18","targetHints":{"allow":["GET"]}}],"collection":[{"href":"https:\/\/tsvwesslingen.de\/index.php?rest_route=\/wp\/v2\/pages"}],"about":[{"href":"https:\/\/tsvwesslingen.de\/index.php?rest_route=\/wp\/v2\/types\/page"}],"author":[{"embeddable":true,"href":"https:\/\/tsvwesslingen.de\/index.php?rest_route=\/wp\/v2\/users\/1"}],"replies":[{"embeddable":true,"href":"https:\/\/tsvwesslingen.de\/index.php?rest_route=%2Fwp%2Fv2%2Fcomments&post=18"}],"version-history":[{"count":8,"href":"https:\/\/tsvwesslingen.de\/index.php?rest_route=\/wp\/v2\/pages\/18\/revisions"}],"predecessor-version":[{"id":2844,"href":"https:\/\/tsvwesslingen.de\/index.php?rest_route=\/wp\/v2\/pages\/18\/revisions\/2844"}],"wp:attachment":[{"href":"https:\/\/tsvwesslingen.de\/index.php?rest_route=%2Fwp%2Fv2%2Fmedia&parent=18"}],"curies":[{"name":"wp","href":"https:\/\/api.w.org\/{rel}","templated":true}]}}