{"id":19,"date":"2018-02-03T01:23:01","date_gmt":"2018-02-03T01:23:01","guid":{"rendered":"https:\/\/tsvwesslingen.de\/wp\/?page_id=19"},"modified":"2024-05-07T17:17:56","modified_gmt":"2024-05-07T17:17:56","slug":"gesundheitssport","status":"publish","type":"page","link":"https:\/\/tsvwesslingen.de\/?page_id=19","title":{"rendered":"Gesundheitssport"},"content":{"rendered":"<div class=\"m_-574615900827149795imgOnly\">\n<div class=\"m_-574615900827149795csc-textpic m_-574615900827149795csc-textpic-center m_-574615900827149795csc-textpic-below m_-574615900827149795csc-textpic-equalheight\">\n<h1 class=\"m_-574615900827149795csc-textpic-text\"><span style=\"font-family: Calibri; font-size: medium;\">Von Gymnastik \u00fcber Tanz bis Yoga<\/span><\/h1>\n<p class=\"m_-574615900827149795csc-textpic-text\"><span style=\"font-family: Calibri; font-size: medium;\">Regelm\u00e4\u00dfige Bewegung h\u00e4lt fit, steigert das Wohlbefinden und f\u00f6rdert die Gesundheit. Nicht nur die \u00dcbungsleiterinnen des TSV W\u00e4ldenbronn, die so unterschiedliche Kurse wie Tanzen, Gymnastik, Yoga, Fitness und vieles mehr anbieten, sind von der Richtigkeit dieser Behauptungen \u00fcberzeugt. Auch 300 Teilnehmerinnen und Teilnehmer w\u00fcrden diesen Satz unterschreiben. Sie wissen die Angebote des Vereins zu sch\u00e4tzen. Der Verein sieht sich durch die positiven R\u00fcckmeldungen best\u00e4tigt und versucht, der wachsenden Nachfrage mit einem umfangreichen Programm zu entsprechen. Damit st\u00e4rkt er seine Rolle im \u00f6ffentlichen Leben des Esslinger Nordens. Der Vereins ein Auslaufmodell? Von wegen. Gerade in diesem Bereich darf der TSV W\u00e4ldenbronn mit einem weiteren Aufschwung rechnen. Sie, liebe Mitb\u00fcrgerinnen und Mitb\u00fcrger, sind herzlich eingeladen.<\/span><\/p>\n<p>Das sind die aktuellen Kurse:<\/p>\n<\/div>\n<\/div>\n\n<table id=\"tablepress-1\" class=\"tablepress tablepress-id-1\">\n<thead>\n<tr class=\"row-1\">\n\t<th class=\"column-1\">Sportangebot<\/th><td class=\"column-2\"><\/td><th class=\"column-3\">Termin\/Zeit<\/th><th class=\"column-4\">Ort<\/th><th class=\"column-5\">\u00dcbungsleiter<\/th>\n<\/tr>\n<\/thead>\n<tbody class=\"row-striping row-hover\">\n<tr class=\"row-2\">\n\t<td class=\"column-1\">Yoga<\/td><td class=\"column-2\">W\/M<\/td><td class=\"column-3\">Mo 9.15 - 10:45<br \/>\nund 11.00 - 12.30<\/td><td class=\"column-4\">GV<\/td><td class=\"column-5\">N. Kleemann<\/td>\n<\/tr>\n<tr class=\"row-3\">\n\t<td class=\"column-1\">R\u00fcckenfit I<\/td><td class=\"column-2\">W\/M<\/td><td class=\"column-3\">Mo 18.00 - 18.45<\/td><td class=\"column-4\">GV<\/td><td class=\"column-5\">O. Petri<\/td>\n<\/tr>\n<tr class=\"row-4\">\n\t<td class=\"column-1\">R\u00fcckenfit II<\/td><td class=\"column-2\">W\/M<\/td><td class=\"column-3\">Mo 18.45 - 19.30<\/td><td class=\"column-4\">GV<\/td><td class=\"column-5\">O. Petri<\/td>\n<\/tr>\n<tr class=\"row-5\">\n\t<td class=\"column-1\">Allg. Gymnastik<\/td><td class=\"column-2\">Frauen<\/td><td class=\"column-3\">Mo 19.00 - 19:55<\/td><td class=\"column-4\">S1<\/td><td class=\"column-5\">P. und V. Lorbeer<\/td>\n<\/tr>\n<tr class=\"row-6\">\n\t<td class=\"column-1\">Allg. Gymnastik<\/td><td class=\"column-2\">Frauen<\/td><td class=\"column-3\">Mo 20.00 - 20:55<\/td><td class=\"column-4\">S1<\/td><td class=\"column-5\">P. und V. Lorbeer<\/td>\n<\/tr>\n<tr class=\"row-7\">\n\t<td class=\"column-1\">Wirbels\u00e4ulengymn. I<\/td><td class=\"column-2\">W\/M<\/td><td class=\"column-3\">Di 9.00 - 10.00<\/td><td class=\"column-4\">GV<\/td><td class=\"column-5\">V. Berndt<\/td>\n<\/tr>\n<tr class=\"row-8\">\n\t<td class=\"column-1\">Wirbels\u00e4ulengymn. II<\/td><td class=\"column-2\">W\/M<\/td><td class=\"column-3\">Di 10.00 - 11.00<\/td><td class=\"column-4\">GV<\/td><td class=\"column-5\">V. Berndt<\/td>\n<\/tr>\n<tr class=\"row-9\">\n\t<td class=\"column-1\">Fit am Dienstag Tanz-Workout<\/td><td class=\"column-2\">W\/M<\/td><td class=\"column-3\">Di 11.00 - 12.00<\/td><td class=\"column-4\">GV<\/td><td class=\"column-5\">H. de Laporte<\/td>\n<\/tr>\n<tr class=\"row-10\">\n\t<td class=\"column-1\">Fit Mioki (mit\/ohne Kind)<\/td><td class=\"column-2\">W\/M<\/td><td class=\"column-3\">Mi 9:00 - 10:00<\/td><td class=\"column-4\">GV <\/td><td class=\"column-5\">L. Geiger<\/td>\n<\/tr>\n<tr class=\"row-11\">\n\t<td class=\"column-1\">Allg. Gymnastik<\/td><td class=\"column-2\">Seniorinnen<\/td><td class=\"column-3\">Mi 10.00 - 11.00<\/td><td class=\"column-4\">GV<\/td><td class=\"column-5\">A. Kl\u00f6ber<\/td>\n<\/tr>\n<tr class=\"row-12\">\n\t<td class=\"column-1\">BBP<\/td><td class=\"column-2\">W\/M<\/td><td class=\"column-3\">Mi 18.00 - 19.00<\/td><td class=\"column-4\">GV<\/td><td class=\"column-5\">O. Petri<\/td>\n<\/tr>\n<tr class=\"row-13\">\n\t<td class=\"column-1\">Fit am Morgen<\/td><td class=\"column-2\">W\/M<\/td><td class=\"column-3\">Do 9.00 - 10.00<\/td><td class=\"column-4\">GV<\/td><td class=\"column-5\">A. Kl\u00f6ber<\/td>\n<\/tr>\n<tr class=\"row-14\">\n\t<td class=\"column-1\">Sport nach Schlaganfall<\/td><td class=\"column-2\">W\/M<\/td><td class=\"column-3\">Do 10.00 - 12.00<\/td><td class=\"column-4\">GV<\/td><td class=\"column-5\">H. Gonzalez<\/td>\n<\/tr>\n<tr class=\"row-15\">\n\t<td class=\"column-1\">Spa\u00df mit Tanz und Bewegung<\/td><td class=\"column-2\">W\/M  4-6  j\u00e4hrig<\/td><td class=\"column-3\">Do 16.00 - 17.00<\/td><td class=\"column-4\">Hohenkreuzkirche Gemeindehaus<\/td><td class=\"column-5\">N.N.<\/td>\n<\/tr>\n<tr class=\"row-16\">\n\t<td class=\"column-1\">Neurotango<\/td><td class=\"column-2\">W\/M<\/td><td class=\"column-3\">Do 17.50 - 18.50<\/td><td class=\"column-4\">GV<\/td><td class=\"column-5\">H. de Laporte<\/td>\n<\/tr>\n<tr class=\"row-17\">\n\t<td class=\"column-1\">Rhythm is it!<\/td><td class=\"column-2\">W\/M<\/td><td class=\"column-3\">Do 19.00 - 20.00<\/td><td class=\"column-4\">GV<\/td><td class=\"column-5\">H. de Laporte<\/td>\n<\/tr>\n<tr class=\"row-18\">\n\t<td class=\"column-1\">Hip-Hop\/Streetdance<\/td><td class=\"column-2\">W\/M 10-16 j\u00e4hrig<\/td><td class=\"column-3\">Do 17.55 - 18.55<\/td><td class=\"column-4\">HK<\/td><td class=\"column-5\">N.N.<\/td>\n<\/tr>\n<tr class=\"row-19\">\n\t<td class=\"column-1\">Yoga<\/td><td class=\"column-2\">W\/M<\/td><td class=\"column-3\">Fr 18.00 - 19.30<\/td><td class=\"column-4\">HK<br \/>\n<\/td><td class=\"column-5\">B. Lange<\/td>\n<\/tr>\n<\/tbody>\n<\/table>\n<!-- #tablepress-1 from cache -->\n<p>W = Weiblich &#8211; M = M\u00e4nnlich &#8211; A = Alle<br \/>\nHK = Turnhalle Hohenkreuz &#8211; Seracher Str. 50<br \/>\nGV = Gymnastikhalle am Vereinsheim &#8211; Barbarossastr. 41<br \/>\nS1,S2,S3 = Schulzentrum Nord mit Hallenteil 1,2 oder 3 &#8211; Barbarossastr. 85<br \/>\nMensa = Seewiesenschule &#8211; Seracher Str. 50<\/p>\n","protected":false},"excerpt":{"rendered":"<p>Von Gymnastik \u00fcber Tanz bis Yoga Regelm\u00e4\u00dfige Bewegung h\u00e4lt fit, steigert das Wohlbefinden und f\u00f6rdert die Gesundheit. Nicht nur die \u00dcbungsleiterinnen des TSV W\u00e4ldenbronn, die so unterschiedliche Kurse wie Tanzen, Gymnastik, Yoga, Fitness und vieles mehr anbieten, sind von der Richtigkeit dieser Behauptungen \u00fcberzeugt. Auch 300 Teilnehmerinnen und Teilnehmer w\u00fcrden diesen Satz unterschreiben. Sie wissen [&hellip;]<\/p>\n","protected":false},"author":1,"featured_media":0,"parent":0,"menu_order":0,"comment_status":"closed","ping_status":"closed","template":"","meta":{"footnotes":""},"class_list":["post-19","page","type-page","status-publish","czr-hentry"],"_links":{"self":[{"href":"https:\/\/tsvwesslingen.de\/index.php?rest_route=\/wp\/v2\/pages\/19","targetHints":{"allow":["GET"]}}],"collection":[{"href":"https:\/\/tsvwesslingen.de\/index.php?rest_route=\/wp\/v2\/pages"}],"about":[{"href":"https:\/\/tsvwesslingen.de\/index.php?rest_route=\/wp\/v2\/types\/page"}],"author":[{"embeddable":true,"href":"https:\/\/tsvwesslingen.de\/index.php?rest_route=\/wp\/v2\/users\/1"}],"replies":[{"embeddable":true,"href":"https:\/\/tsvwesslingen.de\/index.php?rest_route=%2Fwp%2Fv2%2Fcomments&post=19"}],"version-history":[{"count":42,"href":"https:\/\/tsvwesslingen.de\/index.php?rest_route=\/wp\/v2\/pages\/19\/revisions"}],"predecessor-version":[{"id":2407,"href":"https:\/\/tsvwesslingen.de\/index.php?rest_route=\/wp\/v2\/pages\/19\/revisions\/2407"}],"wp:attachment":[{"href":"https:\/\/tsvwesslingen.de\/index.php?rest_route=%2Fwp%2Fv2%2Fmedia&parent=19"}],"curies":[{"name":"wp","href":"https:\/\/api.w.org\/{rel}","templated":true}]}}