{"id":1991,"date":"2022-03-10T08:46:52","date_gmt":"2022-03-10T08:46:52","guid":{"rendered":"https:\/\/tsvwesslingen.de\/?page_id=1991"},"modified":"2025-10-07T07:23:16","modified_gmt":"2025-10-07T07:23:16","slug":"formulare","status":"publish","type":"page","link":"https:\/\/tsvwesslingen.de\/?page_id=1991","title":{"rendered":"Formulare"},"content":{"rendered":"\n<p><a href=\"https:\/\/tsvwesslingen.de\/wp-content\/uploads\/2023\/12\/Aufnahmeantrag-TSVW.pdf\" target=\"_blank\" rel=\"noreferrer noopener\" data-type=\"URL\" data-id=\"https:\/\/tsvwesslingen.de\/wp-content\/uploads\/2022\/03\/Beitrittserklaerung.pdf\">Beitrittserkl\u00e4rung (Verein)<\/a><\/p>\n\n\n\n<p><a href=\"https:\/\/tsvwesslingen.de\/wp-content\/uploads\/2023\/03\/Kuendigung_Abmeldung-Spielbetrieb-3.pdf\">K\u00fcndigung_Abmeldung Spielbetrieb <\/a><\/p>\n\n\n\n<p><a href=\"https:\/\/tsvwesslingen.de\/wp-content\/uploads\/2022\/03\/Spielerpass-Antrag_beschreibbar.pdf\" target=\"_blank\" rel=\"noreferrer noopener\">Spielerpass Antrag (Fussball)<\/a><\/p>\n\n\n\n<p><a href=\"https:\/\/tsvwesslingen.de\/wp-content\/uploads\/2023\/12\/Uebungsleiterabrechnung.pdf\" target=\"_blank\" rel=\"noreferrer noopener\" data-type=\"page\" data-id=\"2304\">\u00dcbungsleiterabrechnung<\/a><\/p>\n\n\n\n<p><a href=\"https:\/\/tsvwesslingen.de\/wp-content\/uploads\/2025\/10\/Ehrenkodex-und-Selbstverpflichtungserklaerung.pdf\" target=\"_blank\" rel=\"noopener\">Ehrenkodex und Selbstverpflichtungserkl\u00e4rung<\/a><\/p>\n\n\n\n<p>&nbsp;<\/p>\n\n\n\n<p>&nbsp;<\/p>\n\n\n<a href=\"https:\/\/tsvwesslingen.de\/wp-content\/uploads\/2023\/12\/Aufnahmeantrag-TSVW.pdf\" class=\"pdfemb-viewer\" style=\"\" data-width=\"max\" data-height=\"max\" data-toolbar=\"bottom\" data-toolbar-fixed=\"off\">Aufnahmeantrag-TSVW<\/a>\n<p>\u00a0<\/p>\n\n\n<a href=\"https:\/\/tsvwesslingen.de\/wp-content\/uploads\/2023\/03\/Kuendigung_Abmeldung-Spielbetrieb-3.pdf\" class=\"pdfemb-viewer\" style=\"\" data-width=\"max\" data-height=\"max\" data-toolbar=\"bottom\" data-toolbar-fixed=\"off\">Kuendigung_Abmeldung-Spielbetrieb-3<\/a>\n<p>\u00a0<\/p>\n\n\n<a href=\"https:\/\/tsvwesslingen.de\/wp-content\/uploads\/2022\/03\/Spielerpass-Antrag_beschreibbar.pdf\" class=\"pdfemb-viewer\" style=\"\" data-width=\"max\" data-height=\"max\" data-toolbar=\"bottom\" data-toolbar-fixed=\"off\">Spielerpass-Antrag_beschreibbar<\/a>\n<p>\u00a0<\/p>\n\n\n<a href=\"https:\/\/tsvwesslingen.de\/wp-content\/uploads\/2023\/12\/Uebungsleiterabrechnung.pdf\" class=\"pdfemb-viewer\" style=\"\" data-width=\"max\" data-height=\"max\" data-toolbar=\"bottom\" data-toolbar-fixed=\"off\">Uebungsleiterabrechnung<\/a>\n<p>\u00a0<\/p>\n\n\n<a href=\"https:\/\/tsvwesslingen.de\/wp-content\/uploads\/2025\/10\/Ehrenkodex-und-Selbstverpflichtungserklaerung.pdf\" class=\"pdfemb-viewer\" style=\"\" data-width=\"max\" data-height=\"max\" data-toolbar=\"bottom\" data-toolbar-fixed=\"off\">Ehrenkodex-und-Selbstverpflichtungserklaerung<\/a>","protected":false},"excerpt":{"rendered":"<p>Beitrittserkl\u00e4rung (Verein) K\u00fcndigung_Abmeldung Spielbetrieb Spielerpass Antrag (Fussball) \u00dcbungsleiterabrechnung Ehrenkodex und Selbstverpflichtungserkl\u00e4rung &nbsp; &nbsp;<\/p>\n","protected":false},"author":1,"featured_media":0,"parent":0,"menu_order":0,"comment_status":"closed","ping_status":"closed","template":"","meta":{"footnotes":""},"class_list":["post-1991","page","type-page","status-publish","czr-hentry"],"_links":{"self":[{"href":"https:\/\/tsvwesslingen.de\/index.php?rest_route=\/wp\/v2\/pages\/1991","targetHints":{"allow":["GET"]}}],"collection":[{"href":"https:\/\/tsvwesslingen.de\/index.php?rest_route=\/wp\/v2\/pages"}],"about":[{"href":"https:\/\/tsvwesslingen.de\/index.php?rest_route=\/wp\/v2\/types\/page"}],"author":[{"embeddable":true,"href":"https:\/\/tsvwesslingen.de\/index.php?rest_route=\/wp\/v2\/users\/1"}],"replies":[{"embeddable":true,"href":"https:\/\/tsvwesslingen.de\/index.php?rest_route=%2Fwp%2Fv2%2Fcomments&post=1991"}],"version-history":[{"count":18,"href":"https:\/\/tsvwesslingen.de\/index.php?rest_route=\/wp\/v2\/pages\/1991\/revisions"}],"predecessor-version":[{"id":2726,"href":"https:\/\/tsvwesslingen.de\/index.php?rest_route=\/wp\/v2\/pages\/1991\/revisions\/2726"}],"wp:attachment":[{"href":"https:\/\/tsvwesslingen.de\/index.php?rest_route=%2Fwp%2Fv2%2Fmedia&parent=1991"}],"curies":[{"name":"wp","href":"https:\/\/api.w.org\/{rel}","templated":true}]}}