{"id":41,"date":"2018-02-03T01:33:24","date_gmt":"2018-02-03T01:33:24","guid":{"rendered":"https:\/\/tsvwesslingen.de\/wp\/?page_id=41"},"modified":"2026-02-04T11:09:40","modified_gmt":"2026-02-04T11:09:40","slug":"frauengymnastik","status":"publish","type":"page","link":"https:\/\/tsvwesslingen.de\/?page_id=41","title":{"rendered":"Allgemeine Gymnastik"},"content":{"rendered":"<h1>Frauengymnastik<\/h1>\n<p>Diese Sportstunden werden von einem qualifizierten \u00dcbungsleiterteam ausgef\u00fchrt.<br \/>Dieses \u00dcbungsleiterteam h\u00e4lt Sie durch ein gezieltes Ganzk\u00f6rpertraining von Kopf bis Fu\u00df fit.<br \/>Das Programm ist sehr vielseitig und abwechslungsreich:<\/p>\n<p>Erw\u00e4rmung, Aerobic, Bauch-Beine-Po,Herzkreislauftrainig und Entschpannung.<\/p>\n<p><span class=\"bold\">Leitung: <\/span>Petra und Valerie Lorbeer<\/p>\n<p><span class=\"bold\">keine Kursgeb\u00fchr:\u00a0<\/span>Dieses Angebot ist nur f\u00fcr Vereinsmitglieder!<br \/><span class=\"bold\">Termin:<\/span>\u00a0montags von 19.00 \u2013 20.00 Uhr und 20.00 Uhr \u2013 21.00 Uhr<br \/><span class=\"bold\">Ort:\u00a0<\/span>Sporthalle Schulzentrum Nord (Barbarossastr. 85)<\/p>\n<p><span style=\"font-size: small;\">\u00a0<\/span><\/p>\n<h1>Allg. Gymnastik Seniorinnen<\/h1>\n<p>Leitung: Andrea Kl\u00f6ber<\/p>\n<p>Termin: Mittwoch 10.00 &#8211; 11.00 Uhr<\/p>\n<p><span class=\"bold\">Ort:\u00a0<\/span>Halle am Vereinsheim (Barbarossastr.41)<\/p>\n\n\n<p><\/p>\n","protected":false},"excerpt":{"rendered":"<p>Frauengymnastik Diese Sportstunden werden von einem qualifizierten \u00dcbungsleiterteam ausgef\u00fchrt.Dieses \u00dcbungsleiterteam h\u00e4lt Sie durch ein gezieltes Ganzk\u00f6rpertraining von Kopf bis Fu\u00df fit.Das Programm ist sehr vielseitig und abwechslungsreich: Erw\u00e4rmung, Aerobic, Bauch-Beine-Po,Herzkreislauftrainig und Entschpannung. Leitung: Petra und Valerie Lorbeer keine Kursgeb\u00fchr:\u00a0Dieses Angebot ist nur f\u00fcr Vereinsmitglieder!Termin:\u00a0montags von 19.00 \u2013 20.00 Uhr und 20.00 Uhr \u2013 21.00 UhrOrt:\u00a0Sporthalle [&hellip;]<\/p>\n","protected":false},"author":1,"featured_media":0,"parent":0,"menu_order":0,"comment_status":"closed","ping_status":"closed","template":"","meta":{"footnotes":""},"class_list":["post-41","page","type-page","status-publish","czr-hentry"],"_links":{"self":[{"href":"https:\/\/tsvwesslingen.de\/index.php?rest_route=\/wp\/v2\/pages\/41","targetHints":{"allow":["GET"]}}],"collection":[{"href":"https:\/\/tsvwesslingen.de\/index.php?rest_route=\/wp\/v2\/pages"}],"about":[{"href":"https:\/\/tsvwesslingen.de\/index.php?rest_route=\/wp\/v2\/types\/page"}],"author":[{"embeddable":true,"href":"https:\/\/tsvwesslingen.de\/index.php?rest_route=\/wp\/v2\/users\/1"}],"replies":[{"embeddable":true,"href":"https:\/\/tsvwesslingen.de\/index.php?rest_route=%2Fwp%2Fv2%2Fcomments&post=41"}],"version-history":[{"count":10,"href":"https:\/\/tsvwesslingen.de\/index.php?rest_route=\/wp\/v2\/pages\/41\/revisions"}],"predecessor-version":[{"id":2822,"href":"https:\/\/tsvwesslingen.de\/index.php?rest_route=\/wp\/v2\/pages\/41\/revisions\/2822"}],"wp:attachment":[{"href":"https:\/\/tsvwesslingen.de\/index.php?rest_route=%2Fwp%2Fv2%2Fmedia&parent=41"}],"curies":[{"name":"wp","href":"https:\/\/api.w.org\/{rel}","templated":true}]}}