{"id":48,"date":"2018-02-03T01:33:28","date_gmt":"2018-02-03T01:33:28","guid":{"rendered":"https:\/\/tsvwesslingen.de\/wp\/?page_id=48"},"modified":"2026-02-04T11:05:29","modified_gmt":"2026-02-04T11:05:29","slug":"hip-hop-streetdance","status":"publish","type":"page","link":"https:\/\/tsvwesslingen.de\/?page_id=48","title":{"rendered":"Hip-Hop \/ Streetdance"},"content":{"rendered":"\n<p><strong>DIESES ANGEBOT FINDET LEIDER AKTUELL NICHT STATT.<\/strong><\/p>\n\n\n\n<p>____________<\/p>\n\n\n\n<p><strong>Verst\u00e4rkung gesucht!<\/strong><\/p>\n\n\n\n<p>Du hast Freude an Musik, Tanz und der Arbeit mit Jugendlichen?<br>Dann freuen wir uns \u00fcber Unterst\u00fctzung im Trainerteam unserer Hip-Hop-Gruppe \u201e2 Extreme\u201c! Ob als Co-Trainer:in, Assistenz oder kreative Impulsgeber:in \u2013 wer Lust hat, Teil dieses lebendigen Angebots zu werden, ist bei uns genau richtig.<\/p>\n\n\n\n<p>Melde dich gerne unverbindlich, wenn du Interesse oder Fragen hast \u2013 wir freuen uns auf dich!<\/p>\n\n\n\n<p>Mehr Infos und Anmeldung: Mail: info@tsvwesslingen.de<\/p>\n\n\n\n<p>__________________________<\/p>\n\n\n\n<p>Wolltest du schon immer mal Hip-Hop \/ Streetdance zu coolen Songs aus der R&amp;B, Pop, Hip-Hop-Szene tanzen?<\/p>\n\n\n\n<p>Dann bist du bei uns genau richtig, denn jeder Einsteiger oder schon erfahrene T\u00e4nzer ist herzlich willkommen mitzumachen.<\/p>\n\n\n\n<p>Info und Anmeldung: per Mail tsvw.hiphop@gmail.com oder Whatsapp 0173 5928299<\/p>\n\n\n\n<p>Gruppe 2 Extreme (10 \u2013 16 Jahre)<\/p>\n\n\n\n<p>Termin: donnerstags, 17.55 \u2013 18.55 Uhr<\/p>\n\n\n\n<p>Ort: Hohenkreuzhalle (Seewiesenschule)<\/p>\n\n\n\n<p>Leitung: Marlene<\/p>\n\n\n\n<p><\/p>\n\n\n\n<p><\/p>\n\n\n","protected":false},"excerpt":{"rendered":"<p>DIESES ANGEBOT FINDET LEIDER AKTUELL NICHT STATT. ____________ Verst\u00e4rkung gesucht! Du hast Freude an Musik, Tanz und der Arbeit mit Jugendlichen?Dann freuen wir uns \u00fcber Unterst\u00fctzung im Trainerteam unserer Hip-Hop-Gruppe \u201e2 Extreme\u201c! Ob als Co-Trainer:in, Assistenz oder kreative Impulsgeber:in \u2013 wer Lust hat, Teil dieses lebendigen Angebots zu werden, ist bei uns genau richtig. Melde [&hellip;]<\/p>\n","protected":false},"author":1,"featured_media":0,"parent":0,"menu_order":0,"comment_status":"closed","ping_status":"closed","template":"","meta":{"footnotes":""},"class_list":["post-48","page","type-page","status-publish","czr-hentry"],"_links":{"self":[{"href":"https:\/\/tsvwesslingen.de\/index.php?rest_route=\/wp\/v2\/pages\/48","targetHints":{"allow":["GET"]}}],"collection":[{"href":"https:\/\/tsvwesslingen.de\/index.php?rest_route=\/wp\/v2\/pages"}],"about":[{"href":"https:\/\/tsvwesslingen.de\/index.php?rest_route=\/wp\/v2\/types\/page"}],"author":[{"embeddable":true,"href":"https:\/\/tsvwesslingen.de\/index.php?rest_route=\/wp\/v2\/users\/1"}],"replies":[{"embeddable":true,"href":"https:\/\/tsvwesslingen.de\/index.php?rest_route=%2Fwp%2Fv2%2Fcomments&post=48"}],"version-history":[{"count":23,"href":"https:\/\/tsvwesslingen.de\/index.php?rest_route=\/wp\/v2\/pages\/48\/revisions"}],"predecessor-version":[{"id":2821,"href":"https:\/\/tsvwesslingen.de\/index.php?rest_route=\/wp\/v2\/pages\/48\/revisions\/2821"}],"wp:attachment":[{"href":"https:\/\/tsvwesslingen.de\/index.php?rest_route=%2Fwp%2Fv2%2Fmedia&parent=48"}],"curies":[{"name":"wp","href":"https:\/\/api.w.org\/{rel}","templated":true}]}}