{"id":69,"date":"2018-02-03T02:02:42","date_gmt":"2018-02-03T02:02:42","guid":{"rendered":"https:\/\/tsvwesslingen.de\/wp\/?page_id=69"},"modified":"2026-02-27T21:35:24","modified_gmt":"2026-02-27T21:35:24","slug":"fitnesstraining-und-gymnastik-maenner-ab-50-jahre","status":"publish","type":"page","link":"https:\/\/tsvwesslingen.de\/?page_id=69","title":{"rendered":"Fitnesstraining und Gymnastik M\u00e4nner (ab 55 Jahre)"},"content":{"rendered":"<p><a href=\"https:\/\/tsvwesslingen.de\/wp\/wp-content\/uploads\/2018\/02\/20171221_210806_RichtoneHDR.jpg\"><strong><img fetchpriority=\"high\" decoding=\"async\" class=\"alignnone size-medium wp-image-425\" src=\"https:\/\/tsvwesslingen.de\/wp\/wp-content\/uploads\/2018\/02\/20171221_210806_RichtoneHDR-300x225.jpg\" alt=\"Fitnesstraining und Gymnastik M\u00e4nner (ab 55 Jahre)\" width=\"300\" height=\"225\" srcset=\"https:\/\/tsvwesslingen.de\/wp-content\/uploads\/2018\/02\/20171221_210806_RichtoneHDR-300x225.jpg 300w, https:\/\/tsvwesslingen.de\/wp-content\/uploads\/2018\/02\/20171221_210806_RichtoneHDR-768x576.jpg 768w\" sizes=\"(max-width: 300px) 100vw, 300px\" \/><\/strong><\/a><\/p>\n<p class=\"x_MsoNormal\"><span data-olk-copy-source=\"MessageBody\"><strong>Leitung und Ansprechpartner:<\/strong> K.-H. Kobus-Schmid Tel.: 0711 378369<\/span><\/p>\n<p class=\"x_MsoNormal\"><strong>Trainer:<\/strong> Harald Kernst Tel.: 0162 9616255<\/p>\n<p><span class=\"bold\">Termin:<\/span>\u00a0Donnerstag 20.00 bis 21.45 Uhr<\/p>\n<p><span class=\"bold\">Ort:<\/span>\u00a0Turnhalle Hohenkreuzweg<\/p>\n<p><span class=\"bold\">Keine Kursgeb\u00fchren:<\/span>\u00a0 Dieses Angebot gilt nur f\u00fcr Vereinsmitglieder.\u00a0 Nichtmitglieder d\u00fcrfen 3 Monate schnuppern\u00a0und danach die Mitgliedschaft beantragen.<\/p>\n<p>________________________<\/p>\n<p><span data-contrast=\"auto\"><strong>Seit fast 50 Jahren besteht das Angebot, Fitness und Gymnastik M\u00e4nner.<\/strong> In dieser langen Zeit hat sich gezeigt, nur mit stetem Wandel, neuen stark ver\u00e4nderten Trainingsprogrammen, erzielen wir eine positive Auswirkung auf den Publikumsgeschmack. Entgegen der Tendenz zu\u00a0 den eint\u00f6nigen, unpers\u00f6nlichen \u201eMUCKIBUDEN\u201c , bieten wir vielseitige und variables Trainings und Mitmachprogramme an.\u00a0<\/span><span data-ccp-props=\"{}\">\u00a0<\/span><\/p>\n<p><span data-contrast=\"auto\">Monatliche Wandertage, Fahrradtouren, Skiausfahrten, Luftgewehr\/Pistole schie\u00dfen und vieles mehr stehen im Jahresprogramm, sowie zus\u00e4tzliche kulturelle Angebote und Firmenbesichtigungen.<\/span><span data-ccp-props=\"{}\">\u00a0<\/span><\/p>\n<p><img decoding=\"async\" class=\"alignnone size-medium wp-image-2689\" src=\"https:\/\/tsvwesslingen.de\/wp-content\/uploads\/2025\/08\/2025-07-08_Plochingen-Laki-300x169.jpg\" alt=\"Fitnesstraining und Gymnastik M\u00e4nner (ab 55 Jahre)\" width=\"300\" height=\"169\" srcset=\"https:\/\/tsvwesslingen.de\/wp-content\/uploads\/2025\/08\/2025-07-08_Plochingen-Laki-300x169.jpg 300w, https:\/\/tsvwesslingen.de\/wp-content\/uploads\/2025\/08\/2025-07-08_Plochingen-Laki-768x432.jpg 768w, https:\/\/tsvwesslingen.de\/wp-content\/uploads\/2025\/08\/2025-07-08_Plochingen-Laki-1536x864.jpg 1536w, https:\/\/tsvwesslingen.de\/wp-content\/uploads\/2025\/08\/2025-07-08_Plochingen-Laki-2048x1152.jpg 2048w, https:\/\/tsvwesslingen.de\/wp-content\/uploads\/2025\/08\/2025-07-08_Plochingen-Laki-570x321.jpg 570w, https:\/\/tsvwesslingen.de\/wp-content\/uploads\/2025\/08\/2025-07-08_Plochingen-Laki-1110x624.jpg 1110w, https:\/\/tsvwesslingen.de\/wp-content\/uploads\/2025\/08\/2025-07-08_Plochingen-Laki-528x297.jpg 528w\" sizes=\"(max-width: 300px) 100vw, 300px\" \/> <img decoding=\"async\" class=\"alignnone size-medium wp-image-2687\" src=\"https:\/\/tsvwesslingen.de\/wp-content\/uploads\/2025\/08\/IMG-20250429-WA0003-300x225.jpg\" alt=\"Fitnesstraining und Gymnastik M\u00e4nner (ab 55 Jahre)\" width=\"300\" height=\"225\" srcset=\"https:\/\/tsvwesslingen.de\/wp-content\/uploads\/2025\/08\/IMG-20250429-WA0003-300x225.jpg 300w, https:\/\/tsvwesslingen.de\/wp-content\/uploads\/2025\/08\/IMG-20250429-WA0003-768x576.jpg 768w, https:\/\/tsvwesslingen.de\/wp-content\/uploads\/2025\/08\/IMG-20250429-WA0003-1536x1152.jpg 1536w, https:\/\/tsvwesslingen.de\/wp-content\/uploads\/2025\/08\/IMG-20250429-WA0003-570x428.jpg 570w, https:\/\/tsvwesslingen.de\/wp-content\/uploads\/2025\/08\/IMG-20250429-WA0003.jpg 2000w\" sizes=\"(max-width: 300px) 100vw, 300px\" \/><\/p>\n<p><span data-contrast=\"auto\">Ein weiterer H\u00f6hepunkt, unser Grillabend im Juli, wurde zugunsten eines Spanferkelessen auf der Vereinsheimterrasse, umgepolt, ein voller Erfolg. Salate und Dessert aus den K\u00fcchen unserer Mitsportler, sowie erlesene Getr\u00e4nke wurden aufgetischt, delikat!<\/span><span data-ccp-props=\"{}\">\u00a0<\/span><\/p>\n<p><img loading=\"lazy\" decoding=\"async\" class=\"alignnone size-medium wp-image-2688\" src=\"https:\/\/tsvwesslingen.de\/wp-content\/uploads\/2025\/08\/IMG-20250725-WA0002-225x300.jpg\" alt=\"Fitnesstraining und Gymnastik M\u00e4nner (ab 55 Jahre)\" width=\"225\" height=\"300\" srcset=\"https:\/\/tsvwesslingen.de\/wp-content\/uploads\/2025\/08\/IMG-20250725-WA0002-225x300.jpg 225w, https:\/\/tsvwesslingen.de\/wp-content\/uploads\/2025\/08\/IMG-20250725-WA0002-768x1024.jpg 768w, https:\/\/tsvwesslingen.de\/wp-content\/uploads\/2025\/08\/IMG-20250725-WA0002-1152x1536.jpg 1152w, https:\/\/tsvwesslingen.de\/wp-content\/uploads\/2025\/08\/IMG-20250725-WA0002-570x760.jpg 570w, https:\/\/tsvwesslingen.de\/wp-content\/uploads\/2025\/08\/IMG-20250725-WA0002.jpg 1536w\" sizes=\"(max-width: 225px) 100vw, 225px\" \/><\/p>\n<p><span data-contrast=\"auto\">Die hoffentlich einmalige Gelegenheit (Lokal wegen P\u00e4chterwechsel geschlossen), ein Festle auf der Terrasse zu zelebrieren, nutzten selbst nicht mehr aktive Fitnessler zum Mitfeiern. Den Organisatoren um Alex und Harald geh\u00f6rt ein Sonderapplaus.<\/span><span data-ccp-props=\"{}\">\u00a0<\/span><\/p>\n<p><span data-contrast=\"auto\">Genug gefeiert, Training in den Schulferien auf unserem Sportplatz. Trainingsauftakt in der Hohenkreuzhalle am 18.9., \u201eauf geht\u2019s zum Schwitzen, wie in all den vergangenen Jahren, um 20.00 Uhr. Jedermann ist zum Schnuppern herzlich willkommen.<\/span><span data-ccp-props=\"{}\">\u00a0<\/span><\/p>\n<p><span data-contrast=\"auto\">Carlo<\/span><span data-ccp-props=\"{}\">\u00a0<\/span><\/p>\n<p>_________________________<\/p>\n<p><strong>Schon \u00fcber 45 Jahre, liegt die Grundsteinlegung dieser Sparte zur\u00fcck.<\/strong> Jahrzehnte mit vielen tollen sportlichen, gesellschaftlichen und kulturellen H\u00f6hepunkten.<\/p>\n<p>Auch unser Trainer \u2013 Organisationsteam, Harald Kernst und \u201eCarlo\u201c K.-H. Kobus-Schmid pr\u00e4gten diesen gemeinsamen Weg, den wir im Jahr 2023\/24, aus eigenen Reihen verst\u00e4rken konnten.<\/p>\n<p>Gerhard Braun wird k\u00fcnftig Stellvertreter von Cheftrainer Harald. Sein K\u00f6nnen konnte er schon im digitalen Training (Covit) unter Beweis stellen. Aufgrund der Vorkenntnisse, aus anderen Sportbereichen und Trainingsmedien, bringt er beste Voraussetzungen mit.<\/p>\n<p>Neu, als Wanderf\u00fchrer konnten wir Alex Frey (Wanderf\u00fchrer Albverein) gewinnen, der schon 2023, unterst\u00fctz von Harald Christ und Carlo, einige Touren voranging. Das Motto f\u00fcr 2024 lautet: \u201eWandern mit Alex\u201c. Neue unbekannte Ziele und Routen, aus seinem Fundus, werden auf Schusters Rappen angesteuert. Ersatz Scout: \u201eHarald und Carlo\u201c.<\/p>\n<p>Ganz Brandneu, 2024 Radler Gruppe. Noch ohne H\u00e4uptling, aber schon vernetzt, will der bunte Haufen die \u201eTour de Schwaben\u201c aus der Taufe heben und das L\u00e4ndle hoch zu Stahl \/ Alu Ross erkunden.<\/p>\n<p>______________________<\/p>\n<p><strong>Fr\u00fchjahr und Sommerrunde Fitnesstraining\/ Gymnastik M\u00e4nner <\/strong><\/p>\n<p>Im M\u00e4rz, Skiausfahrt nach Warth, Schneelage 2-3 Meter, Sonne pur, es war toll.<\/p>\n<p>Wandern, jeden zweiten Dienstag im Monat, auf des Schuster Rappen unterwegs. Routen zwischen 12 und 15 km, unter der kundigen F\u00fchrung von Alex Frey werden rund um Stuttgart, im Schurwald, auf den Fildern und im Remstal, neue Wanderrouten erschlossen, klasse.<\/p>\n<p>Nat\u00fcrlich wird nicht nur Ski gefahren und gewandert, neu 2024 im Programm, Radtouren. Die Anlaufprobleme, Regen, Termine usw. hemmten die Koordination der Touren, sind Geschichte, dank den besseren Wetterbedingungen. Es l\u00e4uft, beziehungsweise die R\u00e4der rollen. Rund 70 km, im Remstal, Filstal, am Rande der Alb, im Nordschwarzwald, spulen die Pedaleure locker ab. Jeder kann Streckenvorschl\u00e4ge einbringen, damit leistungsbezogen abwechslungsreiche Ausfahrten stattfinden.<\/p>\n<p><strong>Grillabend immer am Beginn der Sommerferien <\/strong><\/p>\n<p>Grillen bei Alex im Garten, bestens mitorganisiert von Hannes B\u00f6hrsch, der f\u00fcr das Zelt und den Aufbau sorgte, so dass wir dem Regen trotzen konnten. Grillgut Selbstversorger, Getr\u00e4nke von Alex, wie immer bestens organisiert. Geschichten \u00fcber die Fitnessgruppe wurde zum Besten gegeben, es war ein kurzweiliger und gelungener Abend. Lieber Alex und Hannes, vielen Dank f\u00fcr die Einladung und Organisation.<\/p>\n<p>Donnerstag, ab 20.00 Uhr, Gymnastik und Fitnesstraining, unter Anleitung von Harald Kernst in der Hohenkreuzturnhalle. In den Sommerferien geht&#8217;s auf dem Sportplatz rund, Kondition\u00ad und Fitnesstraining. Wer also, liebe Leser (M\u00e4nner ab 55) Lust auf Fitness und Gymnastik hat, ist bei uns herzlich willkommen. Zusatzangebote: Wandern, jeden 2. Dienstag im Monat, Fahrrad Ausfahrten und Skiwochenende.<\/p>\n<p>Carlo<\/p>\n<p>_______________________________<\/p>\n<p><strong>R\u00fcckblick und Res\u00fcmee f\u00fcr 2023<\/strong><\/p>\n<p>Ohne Sommerpause, in den Ferien ist Freilufttraining auf dem Sportplatz angesagt, danach wieder Fitness und Gymnastik in der Hohenkreuzhalle, bis Weihnachten. Vom 22.12.23 bis 11.Januar 2024, legten wir eine kurze Verschnaufpause ein. R\u00fcckblickend war 2023 das bisher Best besuchte Trainingsjahr, mit 848 Teilnahmen.<\/p>\n<p>Die Erfolgreichsten mit: 46 Teilnahmen Karl Fr\u00f6schl<\/p>\n<p>45 Teilnahmen Harald Kernst<\/p>\n<p>45 Teilnahmen Werner Laux<\/p>\n<p>Die tolle Resonanz ist dem super Training von Harald geschuldet, der uns immer aufs Neue mitreist, Ihm sei DANK.<\/p>\n<p>Auch unsere Wandergruppe hatte einen regen Zuspruch.<\/p>\n<p>Erster Platz mit 12 Wanderungen, also immer dabei, G\u00fcnter J\u00e4ger.<\/p>\n<p>11 Wanderungen Harald Kernst und<\/p>\n<p>10 Teilnahmen , Alexander Frey. In 2024 wird er unsere Wanderungen ma\u00dfgeblich planen.<\/p>\n<p>Die Siegerehrungen erfolgten im Rahmen unseres Jahres &#8211; Abschlussessen im Vereinsheim. Diverse K\u00f6stlichkeiten aus der internationalen K\u00fcche von Cica, unserer Wirtin, gute Dessert und Getr\u00e4nke wurden aufgetischt und zum kr\u00f6nenden Abschluss einige Schn\u00e4psla. Zwischendurch Anekdoten aus der Geschichte unserer Gruppe, 45 Jahre Fitness \u2013 Gymnastik M\u00e4nner, von Carlo vorgetragen, der seit 42 Jahren Zeitzeuge ist.<\/p>\n<p>Zu guter Letzt, noch ein Herbst &#8211; Event: Schwarzwurstvesper bei Karl Fr\u00f6schl.<\/p>\n<p>Wir hatten einiges nachzuholen, denn der Virus bracht uns aus dem Rhythmus. Karl rief und die Schwarzw\u00fcrste nahmen erfolgreichen Einzug. Sage und Schreibe 15 verschieden Qualit\u00e4tsw\u00fcrste aus \u00d6sterreich, S\u00fcdtirol, \u201edr. Alb\u201c, aus Hessen, dem Badischen und vom Neckar, baten zu Tisch. Jeder Teilnehmer packte Besonderheiten aus, dazu verschiedene Brotsorten von unterschiedlichen B\u00e4ckereien! Schnapsspenden von Karl, Alex und Marijan und verschiedene Biere \u2013 Sorten rundeten den bunten Schwarzwurstabend ab. Karl, Zugabe!<\/p>\n<p>Neues Jahr 2024, wie schon seit 1987 sind wir G\u00e4ste beim Sch\u00fctzenverein DIANA, im eigenen Haus, ein liebgewonnener Ausgleich zum normalen Trainingsprogramm. Anstelle von Laufen, Dehnen, Strecken und viel Schwitzen, stehen Ruhe bewahren, Konzentrieren auf dem Fitnessprogramm.<\/p>\n<p>Mit Luftgewehr und Luftpistole auf verschiedene Zielscheiben zu Zielen und auch noch ins Schwarze zu treffen, macht von neuem viel Spa\u00df. Gekonnt betreut von den \u201eDianesen\u201c, Wolfgang Lenz uns Willy Polonyi, stellten sich 20 wackere Fitnessler dem Wettkampf.<\/p>\n<p>Der neue, elektronische Schie\u00dfstand erm\u00f6glicht ein wesentlich besseres Resultat aufgrund der punktgenauen elektronischen Auswertung, mit exakten Anzeigen der Treffer auf einem Bildschirm. Auch uns Nichtsch\u00fctzen hilft diese M\u00f6glichkeit zu einer zielsicheren Korrektur beim Schie\u00dfen und dadurch besseren Ergebnissen.<\/p>\n<p>Sch\u00fctzenk\u00f6nige 2024 1. Harald Christ 2. J\u00fcrgen Ebersp\u00e4cher 3. Karl-Heinz Thiel<\/p>\n<p>Ehrenpreis 2024 Helmut Ott.<\/p>\n<p>Dem Sch\u00fctzenverein DIANA herzliche Dank f\u00fcr die Einladung und der guten Betreuung.<\/p>\n<p>CARLO<\/p>\n","protected":false},"excerpt":{"rendered":"<p>Leitung und Ansprechpartner: K.-H. Kobus-Schmid Tel.: 0711 378369 Trainer: Harald Kernst Tel.: 0162 9616255 Termin:\u00a0Donnerstag 20.00 bis 21.45 Uhr Ort:\u00a0Turnhalle Hohenkreuzweg Keine Kursgeb\u00fchren:\u00a0 Dieses Angebot gilt nur f\u00fcr Vereinsmitglieder.\u00a0 Nichtmitglieder d\u00fcrfen 3 Monate schnuppern\u00a0und danach die Mitgliedschaft beantragen. ________________________ Seit fast 50 Jahren besteht das Angebot, Fitness und Gymnastik M\u00e4nner. In dieser langen Zeit hat [&hellip;]<\/p>\n","protected":false},"author":1,"featured_media":0,"parent":0,"menu_order":0,"comment_status":"closed","ping_status":"closed","template":"","meta":{"footnotes":""},"class_list":["post-69","page","type-page","status-publish","czr-hentry"],"_links":{"self":[{"href":"https:\/\/tsvwesslingen.de\/index.php?rest_route=\/wp\/v2\/pages\/69","targetHints":{"allow":["GET"]}}],"collection":[{"href":"https:\/\/tsvwesslingen.de\/index.php?rest_route=\/wp\/v2\/pages"}],"about":[{"href":"https:\/\/tsvwesslingen.de\/index.php?rest_route=\/wp\/v2\/types\/page"}],"author":[{"embeddable":true,"href":"https:\/\/tsvwesslingen.de\/index.php?rest_route=\/wp\/v2\/users\/1"}],"replies":[{"embeddable":true,"href":"https:\/\/tsvwesslingen.de\/index.php?rest_route=%2Fwp%2Fv2%2Fcomments&post=69"}],"version-history":[{"count":16,"href":"https:\/\/tsvwesslingen.de\/index.php?rest_route=\/wp\/v2\/pages\/69\/revisions"}],"predecessor-version":[{"id":2838,"href":"https:\/\/tsvwesslingen.de\/index.php?rest_route=\/wp\/v2\/pages\/69\/revisions\/2838"}],"wp:attachment":[{"href":"https:\/\/tsvwesslingen.de\/index.php?rest_route=%2Fwp%2Fv2%2Fmedia&parent=69"}],"curies":[{"name":"wp","href":"https:\/\/api.w.org\/{rel}","templated":true}]}}